{"id":18051,"date":"2023-12-14T12:35:39","date_gmt":"2023-12-14T12:35:39","guid":{"rendered":"https:\/\/almaconsciente.es\/?post_type=product&#038;p=18051"},"modified":"2024-01-01T00:08:28","modified_gmt":"2024-01-01T00:08:28","slug":"taller-sanando-mi-nino-a-interior","status":"publish","type":"product","link":"https:\/\/almaconsciente.es\/index.php\/producto\/taller-sanando-mi-nino-a-interior\/","title":{"rendered":"Taller Sanando mi ni\u00f1o\/a interior"},"content":{"rendered":"<p>Taller experiencial impartido por Pedro Casta\u00f1o Sanando mi ni\u00f1o\/a interior.<\/p>\n<p>Este taller es para t\u00ed si quieres aumentar tu autoconocimiento,\u00a0 mejorar tu autoestima, donde aprender\u00e1s a conocer<strong>te<\/strong> , comprender<strong>te<\/strong>, respetar<strong>te<\/strong>, amar<strong>te<\/strong> y perdonar<strong>te<\/strong>. Tambi\u00e9n es recomendado para eliminar bloqueos que no te impiden avanzar, construir relaciones sanas para vivir la vida plena y armoniosa que te mereces y te pertenece.<\/p>\n<p>Este taller tiene una duraci\u00f3n de 2 horas.<\/p>\n<p>Es importante reservar en cuanto puedas ya que nos quedan 5 plazas para completar el aforo.<\/p>\n<p>Hasta el d\u00eda 31 de Diciembre podr\u00e1s tener tu entrada por 15,00 euros, 18,00 desde el 31 de Diciembre hasta el d\u00eda del taller.<\/p>\n<p>Te esperamos el 19 de Enero a las 18:00 horas en el Instituto de Salut Hol\u00edstica.<\/p>\n","protected":false},"excerpt":{"rendered":"<p>Taller experiencial impartido por Pedro Casta\u00f1o. Sanando mi ni\u00f1o\/a interior, donde podr\u00e1s auroconocerte , aumentar tu autoestima, eliminar bloqueos y construir relaciones sanas.<\/p>\n<p>Duraci\u00f3n 2 horas .<\/p>\n<p>reserva anticipada hasta el 31 de Diciembre 15 euros despu\u00e9s 18,00 euros inf\u00f3rmate solo nos quedan 5 plazas para completar el aforo.<\/p>\n","protected":false},"featured_media":18062,"comment_status":"open","ping_status":"closed","template":"","meta":[],"product_brand":[],"product_cat":[74],"product_tag":[],"class_list":{"0":"post-18051","1":"product","2":"type-product","3":"status-publish","4":"has-post-thumbnail","6":"product_cat-talleres","8":"first","9":"instock","10":"taxable","11":"shipping-taxable","12":"purchasable","13":"product-type-simple"},"_links":{"self":[{"href":"https:\/\/almaconsciente.es\/index.php\/wp-json\/wp\/v2\/product\/18051","targetHints":{"allow":["GET"]}}],"collection":[{"href":"https:\/\/almaconsciente.es\/index.php\/wp-json\/wp\/v2\/product"}],"about":[{"href":"https:\/\/almaconsciente.es\/index.php\/wp-json\/wp\/v2\/types\/product"}],"replies":[{"embeddable":true,"href":"https:\/\/almaconsciente.es\/index.php\/wp-json\/wp\/v2\/comments?post=18051"}],"version-history":[{"count":5,"href":"https:\/\/almaconsciente.es\/index.php\/wp-json\/wp\/v2\/product\/18051\/revisions"}],"predecessor-version":[{"id":18066,"href":"https:\/\/almaconsciente.es\/index.php\/wp-json\/wp\/v2\/product\/18051\/revisions\/18066"}],"wp:featuredmedia":[{"embeddable":true,"href":"https:\/\/almaconsciente.es\/index.php\/wp-json\/wp\/v2\/media\/18062"}],"wp:attachment":[{"href":"https:\/\/almaconsciente.es\/index.php\/wp-json\/wp\/v2\/media?parent=18051"}],"wp:term":[{"taxonomy":"product_brand","embeddable":true,"href":"https:\/\/almaconsciente.es\/index.php\/wp-json\/wp\/v2\/product_brand?post=18051"},{"taxonomy":"product_cat","embeddable":true,"href":"https:\/\/almaconsciente.es\/index.php\/wp-json\/wp\/v2\/product_cat?post=18051"},{"taxonomy":"product_tag","embeddable":true,"href":"https:\/\/almaconsciente.es\/index.php\/wp-json\/wp\/v2\/product_tag?post=18051"}],"curies":[{"name":"wp","href":"https:\/\/api.w.org\/{rel}","templated":true}]}}