{"id":17579,"date":"2023-11-22T09:26:26","date_gmt":"2023-11-22T09:26:26","guid":{"rendered":"https:\/\/almaconsciente.es\/?post_type=product&#038;p=17579"},"modified":"2023-11-22T11:32:44","modified_gmt":"2023-11-22T11:32:44","slug":"zafu-patchwork-pequeno","status":"publish","type":"product","link":"https:\/\/almaconsciente.es\/index.php\/producto\/zafu-patchwork-pequeno\/","title":{"rendered":"ZAF\u00da PATCHWORK PEQUE\u00d1O"},"content":{"rendered":"<p>Modelo elaborado artesanalmente\u00a0 a partir de tejidos bordados, de forma redondeada, con flecos y cierre de cremallera.<\/p>\n<p>Medidas 40 cm aproximadamente.<\/p>\n<p>Este art\u00edculo est\u00e1 sujeto a diferencias respecto a la fotograf\u00eda.<\/p>\n<p>REF: D31058.<\/p>\n","protected":false},"excerpt":{"rendered":"<p>Modelo elaborado artesanalmente\u00a0 a partir de tejidos bordados, de forma redondeada, con flecos y cierre de cremallera. Medidas 40 cm<\/p>\n","protected":false},"featured_media":0,"comment_status":"open","ping_status":"closed","template":"","meta":[],"product_brand":[],"product_cat":[72,70],"product_tag":[],"class_list":{"0":"post-17579","1":"product","2":"type-product","3":"status-publish","5":"product_cat-complementos","6":"product_cat-india-en-ti","8":"first","9":"instock","10":"taxable","11":"shipping-taxable","12":"product-type-simple"},"_links":{"self":[{"href":"https:\/\/almaconsciente.es\/index.php\/wp-json\/wp\/v2\/product\/17579","targetHints":{"allow":["GET"]}}],"collection":[{"href":"https:\/\/almaconsciente.es\/index.php\/wp-json\/wp\/v2\/product"}],"about":[{"href":"https:\/\/almaconsciente.es\/index.php\/wp-json\/wp\/v2\/types\/product"}],"replies":[{"embeddable":true,"href":"https:\/\/almaconsciente.es\/index.php\/wp-json\/wp\/v2\/comments?post=17579"}],"version-history":[{"count":1,"href":"https:\/\/almaconsciente.es\/index.php\/wp-json\/wp\/v2\/product\/17579\/revisions"}],"predecessor-version":[{"id":17580,"href":"https:\/\/almaconsciente.es\/index.php\/wp-json\/wp\/v2\/product\/17579\/revisions\/17580"}],"wp:attachment":[{"href":"https:\/\/almaconsciente.es\/index.php\/wp-json\/wp\/v2\/media?parent=17579"}],"wp:term":[{"taxonomy":"product_brand","embeddable":true,"href":"https:\/\/almaconsciente.es\/index.php\/wp-json\/wp\/v2\/product_brand?post=17579"},{"taxonomy":"product_cat","embeddable":true,"href":"https:\/\/almaconsciente.es\/index.php\/wp-json\/wp\/v2\/product_cat?post=17579"},{"taxonomy":"product_tag","embeddable":true,"href":"https:\/\/almaconsciente.es\/index.php\/wp-json\/wp\/v2\/product_tag?post=17579"}],"curies":[{"name":"wp","href":"https:\/\/api.w.org\/{rel}","templated":true}]}}