{"id":16737,"date":"2023-10-25T08:21:20","date_gmt":"2023-10-25T08:21:20","guid":{"rendered":"https:\/\/almaconsciente.es\/?post_type=product&#038;p=16737"},"modified":"2023-10-25T08:22:17","modified_gmt":"2023-10-25T08:22:17","slug":"pendulo-mineral","status":"publish","type":"product","link":"https:\/\/almaconsciente.es\/index.php\/producto\/pendulo-mineral\/","title":{"rendered":"P\u00c9NDULO MINERAL"},"content":{"rendered":"<p>Colgante que tiene una preciosa pieza de mineral que va sujeta a un soporte met\u00e1lico. Se le atribuyen propiedades curativas, energ\u00e9ticas y de protecci\u00f3n. Sus medidas son entre tres y cuatro cm. Este modelo est\u00e1 sujeto a diferencias respecto a la fotograf\u00eda.<\/p>\n<p>&nbsp;<\/p>\n<p>REF. NO00058.<\/p>\n","protected":false},"excerpt":{"rendered":"<p>Colgante que tiene una preciosa pieza de mineral que va sujeta a un soporte met\u00e1lico.<\/p>\n","protected":false},"featured_media":16738,"comment_status":"open","ping_status":"closed","template":"","meta":[],"product_brand":[],"product_cat":[72,70],"product_tag":[],"class_list":{"0":"post-16737","1":"product","2":"type-product","3":"status-publish","4":"has-post-thumbnail","6":"product_cat-complementos","7":"product_cat-india-en-ti","9":"first","10":"instock","11":"taxable","12":"shipping-taxable","13":"product-type-simple"},"_links":{"self":[{"href":"https:\/\/almaconsciente.es\/index.php\/wp-json\/wp\/v2\/product\/16737","targetHints":{"allow":["GET"]}}],"collection":[{"href":"https:\/\/almaconsciente.es\/index.php\/wp-json\/wp\/v2\/product"}],"about":[{"href":"https:\/\/almaconsciente.es\/index.php\/wp-json\/wp\/v2\/types\/product"}],"replies":[{"embeddable":true,"href":"https:\/\/almaconsciente.es\/index.php\/wp-json\/wp\/v2\/comments?post=16737"}],"version-history":[{"count":1,"href":"https:\/\/almaconsciente.es\/index.php\/wp-json\/wp\/v2\/product\/16737\/revisions"}],"predecessor-version":[{"id":16739,"href":"https:\/\/almaconsciente.es\/index.php\/wp-json\/wp\/v2\/product\/16737\/revisions\/16739"}],"wp:featuredmedia":[{"embeddable":true,"href":"https:\/\/almaconsciente.es\/index.php\/wp-json\/wp\/v2\/media\/16738"}],"wp:attachment":[{"href":"https:\/\/almaconsciente.es\/index.php\/wp-json\/wp\/v2\/media?parent=16737"}],"wp:term":[{"taxonomy":"product_brand","embeddable":true,"href":"https:\/\/almaconsciente.es\/index.php\/wp-json\/wp\/v2\/product_brand?post=16737"},{"taxonomy":"product_cat","embeddable":true,"href":"https:\/\/almaconsciente.es\/index.php\/wp-json\/wp\/v2\/product_cat?post=16737"},{"taxonomy":"product_tag","embeddable":true,"href":"https:\/\/almaconsciente.es\/index.php\/wp-json\/wp\/v2\/product_tag?post=16737"}],"curies":[{"name":"wp","href":"https:\/\/api.w.org\/{rel}","templated":true}]}}