{"id":16702,"date":"2023-10-25T08:09:06","date_gmt":"2023-10-25T08:09:06","guid":{"rendered":"https:\/\/almaconsciente.es\/?post_type=product&#038;p=16702"},"modified":"2023-10-25T08:09:06","modified_gmt":"2023-10-25T08:09:06","slug":"clotalos-s","status":"publish","type":"product","link":"https:\/\/almaconsciente.es\/index.php\/producto\/clotalos-s\/","title":{"rendered":"CLOTALOS. S"},"content":{"rendered":"<p>Son un peque\u00f1o instrumento de percusi\u00f3n con un sonido penetrante, limpio y brillante. Son dos platillos met\u00e1licos unidos por una cuerda de cuero que chocan entre s\u00ed, con s\u00edmbolos tibetanos grabados en el metal.<\/p>\n<p>Ideal para utilizarlos en yoga, meditaci\u00f3n, limpiezas energ\u00e9ticas, recitaci\u00f3n de mantras.<br \/>\nMedidas 4&#215;4.<\/p>\n<p>REF. N30641<\/p>\n","protected":false},"excerpt":{"rendered":"<p>Son un peque\u00f1o instrumento de percusi\u00f3n con un sonido penetrante, limpio y brillante. Son dos platillos met\u00e1licos unidos por una cuerda de cuero que chocan entre s\u00ed, con s\u00edmbolos tibetanos grabados en el metal.<\/p>\n","protected":false},"featured_media":16703,"comment_status":"open","ping_status":"closed","template":"","meta":[],"product_brand":[],"product_cat":[70,71],"product_tag":[],"class_list":{"0":"post-16702","1":"product","2":"type-product","3":"status-publish","4":"has-post-thumbnail","6":"product_cat-india-en-ti","7":"product_cat-instrumentos-musicales","9":"first","10":"instock","11":"taxable","12":"shipping-taxable","13":"product-type-simple"},"_links":{"self":[{"href":"https:\/\/almaconsciente.es\/index.php\/wp-json\/wp\/v2\/product\/16702","targetHints":{"allow":["GET"]}}],"collection":[{"href":"https:\/\/almaconsciente.es\/index.php\/wp-json\/wp\/v2\/product"}],"about":[{"href":"https:\/\/almaconsciente.es\/index.php\/wp-json\/wp\/v2\/types\/product"}],"replies":[{"embeddable":true,"href":"https:\/\/almaconsciente.es\/index.php\/wp-json\/wp\/v2\/comments?post=16702"}],"version-history":[{"count":1,"href":"https:\/\/almaconsciente.es\/index.php\/wp-json\/wp\/v2\/product\/16702\/revisions"}],"predecessor-version":[{"id":16704,"href":"https:\/\/almaconsciente.es\/index.php\/wp-json\/wp\/v2\/product\/16702\/revisions\/16704"}],"wp:featuredmedia":[{"embeddable":true,"href":"https:\/\/almaconsciente.es\/index.php\/wp-json\/wp\/v2\/media\/16703"}],"wp:attachment":[{"href":"https:\/\/almaconsciente.es\/index.php\/wp-json\/wp\/v2\/media?parent=16702"}],"wp:term":[{"taxonomy":"product_brand","embeddable":true,"href":"https:\/\/almaconsciente.es\/index.php\/wp-json\/wp\/v2\/product_brand?post=16702"},{"taxonomy":"product_cat","embeddable":true,"href":"https:\/\/almaconsciente.es\/index.php\/wp-json\/wp\/v2\/product_cat?post=16702"},{"taxonomy":"product_tag","embeddable":true,"href":"https:\/\/almaconsciente.es\/index.php\/wp-json\/wp\/v2\/product_tag?post=16702"}],"curies":[{"name":"wp","href":"https:\/\/api.w.org\/{rel}","templated":true}]}}