{"id":17583,"date":"2023-11-22T09:37:13","date_gmt":"2023-11-22T09:37:13","guid":{"rendered":"https:\/\/almaconsciente.es\/?page_id=17583"},"modified":"2023-11-22T09:38:58","modified_gmt":"2023-11-22T09:38:58","slug":"aviso-legal","status":"publish","type":"page","link":"https:\/\/almaconsciente.es\/index.php\/aviso-legal\/","title":{"rendered":"Aviso legal"},"content":{"rendered":"\t\t<div data-elementor-type=\"wp-page\" data-elementor-id=\"17583\" class=\"elementor elementor-17583\" data-elementor-post-type=\"page\">\n\t\t\t\t<div class=\"wd-negative-gap elementor-element elementor-element-3424f3e6 e-flex e-con-boxed e-con e-parent\" data-id=\"3424f3e6\" data-element_type=\"container\" data-e-type=\"container\">\n\t\t\t\t\t<div class=\"e-con-inner\">\n\t\t\t\t<div class=\"elementor-element elementor-element-583ae9a4 color-scheme-inherit text-left elementor-widget elementor-widget-text-editor\" data-id=\"583ae9a4\" data-element_type=\"widget\" data-e-type=\"widget\" data-widget_type=\"text-editor.default\">\n\t\t\t\t<div class=\"elementor-widget-container\">\n\t\t\t\t\t\t\t\t\t<p><strong>Aviso Legal\u00a0<\/strong><\/p>\n<p>Bienvenido al sitio web de AlmaConsciente. Antes de continuar navegando por nuestro sitio, le recomendamos que lea detenidamente los t\u00e9rminos y condiciones que rigen el uso de esta plataforma. El acceso y uso de este sitio est\u00e1n sujetos a los siguientes t\u00e9rminos y condiciones:<\/p>\n<p><strong>1. Propiedad del Sitio:<\/strong><\/p>\n<p>El sitio web <a href=\"http:\/\/www.almaconsciente.com\/\" target=\"_new\">www.almaconsciente.com<\/a> (en adelante, el \u00abSitio\u00bb) es propiedad de AlmaConsciente, con domicilio en Barcelona, y puede ser contactado a trav\u00e9s de info@almaconsciente.es.<\/p>\n<p><strong>2. Aceptaci\u00f3n de los T\u00e9rminos:<\/strong><\/p>\n<p>Al acceder y utilizar nuestro Sitio, usted acepta cumplir con estos t\u00e9rminos y condiciones, as\u00ed como con todas las leyes y regulaciones aplicables. Si no est\u00e1 de acuerdo con alguno de estos t\u00e9rminos, le recomendamos que no utilice nuestro Sitio.<\/p>\n<p><strong>3. Uso del Contenido:<\/strong><\/p>\n<p>Todo el contenido proporcionado en este Sitio, incluyendo pero no limitado a textos, im\u00e1genes, gr\u00e1ficos, logotipos y software, est\u00e1 protegido por derechos de autor y otras leyes de propiedad intelectual. Usted puede acceder y utilizar este contenido solo para fines personales y no comerciales. Cualquier otro uso, incluyendo la reproducci\u00f3n, distribuci\u00f3n, transmisi\u00f3n o modificaci\u00f3n del contenido, est\u00e1 estrictamente prohibido sin el consentimiento expreso por escrito de AlmaConsciente.<\/p>\n<p><strong>4. Enlaces a Terceros:<\/strong><\/p>\n<p>Este Sitio puede contener enlaces a sitios web de terceros. Estos enlaces se proporcionan solo para su conveniencia. AlmaConsciente no controla ni respalda el contenido de estos sitios y no se hace responsable de cualquier p\u00e9rdida o da\u00f1o que pueda surgir del uso de los mismos.<\/p>\n<p><strong>5. Limitaci\u00f3n de Responsabilidad:<\/strong><\/p>\n<p>El uso de este Sitio es bajo su propio riesgo. AlmaConsciente no garantiza la exactitud, integridad ni actualidad del contenido proporcionado. Nos esforzamos por mantener la disponibilidad continua del Sitio, pero no podemos garantizar que estar\u00e1 libre de interrupciones.<\/p>\n<p><strong>6. Privacidad:<\/strong><\/p>\n<p>La recopilaci\u00f3n y el uso de la informaci\u00f3n personal se rigen por nuestra Pol\u00edtica de Privacidad, que puede consultar en almaconsciente.es\/politica-privacidad.<\/p>\n<p><strong>7. Cambios en los T\u00e9rminos:<\/strong><\/p>\n<p>AlmaConsciente se reserva el derecho de actualizar y modificar estos t\u00e9rminos y condiciones en cualquier momento sin previo aviso. Le recomendamos que revise peri\u00f3dicamente esta p\u00e1gina para estar al tanto de cualquier cambio.<\/p>\n<p><strong>8. Ley Aplicable:<\/strong><\/p>\n<p>Estos t\u00e9rminos y condiciones se rigen por las leyes del Espa\u00f1a, y cualquier disputa relacionada con este Sitio estar\u00e1 sujeta a la jurisdicci\u00f3n de los tribunales de Barcelona.<\/p>\n<p>Al continuar utilizando nuestro Sitio, usted acepta cumplir con estos t\u00e9rminos y condiciones. Si tiene alguna pregunta o inquietud, no dude en ponerse en contacto con nosotros a trav\u00e9s de info@almaconsciente.es.<\/p>\n<p>Fecha de \u00faltima actualizaci\u00f3n: 22\/11\/2023<\/p>\n<p>Gracias por visitar AlmaConsciente.<\/p>\t\t\t\t\t\t\t\t<\/div>\n\t\t\t\t<\/div>\n\t\t\t\t\t<\/div>\n\t\t\t\t<\/div>\n\t\t\t\t<\/div>\n\t\t","protected":false},"excerpt":{"rendered":"<p>Aviso Legal\u00a0 Bienvenido al sitio web de AlmaConsciente. Antes de continuar navegando por nuestro sitio, le recomendamos que lea detenidamente<\/p>\n","protected":false},"author":1,"featured_media":0,"parent":0,"menu_order":0,"comment_status":"closed","ping_status":"closed","template":"","meta":{"footnotes":""},"class_list":["post-17583","page","type-page","status-publish","hentry"],"_links":{"self":[{"href":"https:\/\/almaconsciente.es\/index.php\/wp-json\/wp\/v2\/pages\/17583","targetHints":{"allow":["GET"]}}],"collection":[{"href":"https:\/\/almaconsciente.es\/index.php\/wp-json\/wp\/v2\/pages"}],"about":[{"href":"https:\/\/almaconsciente.es\/index.php\/wp-json\/wp\/v2\/types\/page"}],"author":[{"embeddable":true,"href":"https:\/\/almaconsciente.es\/index.php\/wp-json\/wp\/v2\/users\/1"}],"replies":[{"embeddable":true,"href":"https:\/\/almaconsciente.es\/index.php\/wp-json\/wp\/v2\/comments?post=17583"}],"version-history":[{"count":4,"href":"https:\/\/almaconsciente.es\/index.php\/wp-json\/wp\/v2\/pages\/17583\/revisions"}],"predecessor-version":[{"id":17587,"href":"https:\/\/almaconsciente.es\/index.php\/wp-json\/wp\/v2\/pages\/17583\/revisions\/17587"}],"wp:attachment":[{"href":"https:\/\/almaconsciente.es\/index.php\/wp-json\/wp\/v2\/media?parent=17583"}],"curies":[{"name":"wp","href":"https:\/\/api.w.org\/{rel}","templated":true}]}}