{"id":17130,"date":"2023-11-16T11:12:29","date_gmt":"2023-11-16T11:12:29","guid":{"rendered":"https:\/\/almaconsciente.es\/?page_id=17130"},"modified":"2024-10-30T16:19:41","modified_gmt":"2024-10-30T16:19:41","slug":"hipnosis-terapeutica","status":"publish","type":"page","link":"https:\/\/almaconsciente.es\/index.php\/hipnosis-terapeutica\/","title":{"rendered":"Hipnosis Terap\u00e9utica"},"content":{"rendered":"\t\t<div data-elementor-type=\"wp-page\" data-elementor-id=\"17130\" class=\"elementor elementor-17130\" data-elementor-post-type=\"page\">\n\t\t\t\t<div class=\"wd-negative-gap elementor-element elementor-element-a05d0bf wd-section-stretch e-flex e-con-boxed e-con e-parent\" data-id=\"a05d0bf\" data-element_type=\"container\" data-e-type=\"container\" data-settings=\"{&quot;background_background&quot;:&quot;classic&quot;}\">\n\t\t\t\t\t<div class=\"e-con-inner\">\n\t\t\t\t<div class=\"elementor-element elementor-element-9940d1d elementor-widget__width-initial wd-width-100 elementor-invisible elementor-widget elementor-widget-wd_title\" data-id=\"9940d1d\" data-element_type=\"widget\" data-e-type=\"widget\" data-settings=\"{&quot;_animation&quot;:&quot;fadeInUp&quot;}\" data-widget_type=\"wd_title.default\">\n\t\t\t\t<div class=\"elementor-widget-container\">\n\t\t\t\t\t\t\t<div class=\"title-wrapper wd-set-mb reset-last-child wd-title-color-alt wd-title-style-default wd-title-size-large text-center\">\n\n\t\t\t\n\t\t\t<div class=\"liner-continer\">\n\t\t\t\t<h4 class=\"woodmart-title-container title wd-fontsize-xxl\">Hipnosis Terap\u00e9utica<\/h4> \n\t\t\t\t\t\t\t<\/div>\n\n\t\t\t\t\t<\/div>\n\t\t\t\t\t\t<\/div>\n\t\t\t\t<\/div>\n\t\t\t\t\t<\/div>\n\t\t\t\t<\/div>\n\t\t<div class=\"wd-negative-gap elementor-element elementor-element-074cf7a wd-section-stretch e-flex e-con-boxed e-con e-parent\" data-id=\"074cf7a\" data-element_type=\"container\" data-e-type=\"container\" data-settings=\"{&quot;background_background&quot;:&quot;classic&quot;}\">\n\t\t\t\t\t<div class=\"e-con-inner\">\n\t\t<div class=\"elementor-element elementor-element-95599c7 e-con-full e-flex e-con e-child\" data-id=\"95599c7\" data-element_type=\"container\" data-e-type=\"container\">\n\t\t\t\t<\/div>\n\t\t<div class=\"elementor-element elementor-element-7323f34 e-con-full e-flex e-con e-child\" data-id=\"7323f34\" data-element_type=\"container\" data-e-type=\"container\">\n\t\t<div class=\"elementor-element elementor-element-674f7a8 e-con-full e-flex e-con e-child\" data-id=\"674f7a8\" data-element_type=\"container\" data-e-type=\"container\">\n\t\t\t\t<div class=\"elementor-element elementor-element-9f52474 wd-width-100 elementor-invisible elementor-widget elementor-widget-wd_title\" data-id=\"9f52474\" data-element_type=\"widget\" data-e-type=\"widget\" data-settings=\"{&quot;_animation&quot;:&quot;fadeInUp&quot;}\" data-widget_type=\"wd_title.default\">\n\t\t\t\t<div class=\"elementor-widget-container\">\n\t\t\t\t\t\t\t<div class=\"title-wrapper wd-set-mb reset-last-child wd-title-color-alt wd-title-style-default wd-title-size-default text-center\">\n\n\t\t\t\n\t\t\t<div class=\"liner-continer\">\n\t\t\t\t<h4 class=\"woodmart-title-container title wd-fontsize-l\">Qu\u00e9 NO es hipnosis terap\u00e9utica<\/h4> \n\t\t\t\t\t\t\t<\/div>\n\n\t\t\t\t\t\t\t<div class=\"title-after_title reset-last-child wd-fontsize-xs\">\n\t\t\t\t\t<h1>\u00a0<\/h1>\t\t\t\t<\/div>\n\t\t\t\t\t<\/div>\n\t\t\t\t\t\t<\/div>\n\t\t\t\t<\/div>\n\t\t\t\t<div class=\"elementor-element elementor-element-7683bf3 wd-width-100 elementor-invisible elementor-widget elementor-widget-wd_title\" data-id=\"7683bf3\" data-element_type=\"widget\" data-e-type=\"widget\" data-settings=\"{&quot;_animation&quot;:&quot;fadeInUp&quot;}\" data-widget_type=\"wd_title.default\">\n\t\t\t\t<div class=\"elementor-widget-container\">\n\t\t\t\t\t\t\t<div class=\"title-wrapper wd-set-mb reset-last-child wd-title-color-alt wd-title-style-default wd-title-size-default text-center\">\n\n\t\t\t\n\t\t\t<div class=\"liner-continer\">\n\t\t\t\t<h3 class=\"woodmart-title-container title wd-fontsize-l\"><br \/>\n<\/h3> \n\t\t\t\t\t\t\t<\/div>\n\n\t\t\t\t\t\t\t<div class=\"title-after_title reset-last-child wd-fontsize-xs\">\n\t\t\t\t\t<h1><span style=\"color: #d63686\">No es un espect\u00e1culo<\/span><br \/><span style=\"color: #d63686\">No es dormirse<\/span><br \/><span style=\"color: #d63686\">No es perder el control<\/span><br \/><span style=\"color: #d63686\">No es transgredir nuestra moral o \u00e9tica<\/span><br \/><span style=\"color: #d63686\">No es magia<\/span><br \/><span style=\"color: #d63686\">No es la panacea de todo mal.<\/span><\/h1>\t\t\t\t<\/div>\n\t\t\t\t\t<\/div>\n\t\t\t\t\t\t<\/div>\n\t\t\t\t<\/div>\n\t\t\t\t<div class=\"elementor-element elementor-element-3e1c233 elementor-widget__width-initial animated-slow wd-width-100 elementor-invisible elementor-widget elementor-widget-wd_title\" data-id=\"3e1c233\" data-element_type=\"widget\" data-e-type=\"widget\" data-settings=\"{&quot;_animation&quot;:&quot;fadeInUp&quot;}\" data-widget_type=\"wd_title.default\">\n\t\t\t\t<div class=\"elementor-widget-container\">\n\t\t\t\t\t\t\t<div class=\"title-wrapper wd-set-mb reset-last-child wd-title-color-alt wd-title-style-default wd-title-size-default text-center\">\n\n\t\t\t\n\t\t\t<div class=\"liner-continer\">\n\t\t\t\t<h4 class=\"woodmart-title-container title wd-fontsize-l\">Qu\u00e9 S\u00cd es hipnosis terap\u00e9utica<\/h4> \n\t\t\t\t\t\t\t<\/div>\n\n\t\t\t\t\t\t\t<div class=\"title-after_title reset-last-child wd-fontsize-xs\">\n\t\t\t\t\t<h1>\u00a0<\/h1>\t\t\t\t<\/div>\n\t\t\t\t\t<\/div>\n\t\t\t\t\t\t<\/div>\n\t\t\t\t<\/div>\n\t\t\t\t<div class=\"elementor-element elementor-element-3a7e498 animated-slow elementor-invisible elementor-widget elementor-widget-wd_text_block\" data-id=\"3a7e498\" data-element_type=\"widget\" data-e-type=\"widget\" data-settings=\"{&quot;_animation&quot;:&quot;fadeInUp&quot;}\" data-widget_type=\"wd_text_block.default\">\n\t\t\t\t<div class=\"elementor-widget-container\">\n\t\t\t\t\t\t\t<div class=\"wd-text-block reset-last-child text-left\">\n\t\t\t\n\t\t\t<div class=\"elementor-element elementor-element-bd08915 elementor-widget elementor-widget-aheto_heading animated fadeIn\" data-id=\"bd08915\" data-element_type=\"widget\" data-settings=\"{&quot;_animation&quot;:&quot;fadeIn&quot;,&quot;_animation_delay&quot;:200}\" data-widget_type=\"aheto_heading.default\"><div class=\"elementor-widget-container\"><div class=\"aheto-heading aheto-heading--rela__simple aheto_heading_651cda4fceada \"><p>Es una t\u00e9cnica que empleo en mi acompa\u00f1amiento desde hace 30 a\u00f1os y que todo ser ha experimentado por s\u00ed solo en alg\u00fan momento, la hipnosis es arte, es una facultad humana para conseguir un estado alterado de conciencia (trance) desde donde podemos realizar esos procesos de cambios internos conscientes e inconscientes para ayudarte a resolver situaciones de: control del dolor, fobias, miedos, bloqueos, relaciones t\u00f3xicas, cambio de creencias y patrones limitantes entre otras, p\u00e9rdida de peso, adicciones como: drogas, tabaco, alcohol y nuevas tecnolog\u00edas.<\/p><p>Te acompa\u00f1o a explorar espacios internos de conocimiento a\u00fan no descubiertos y hallar\u00e1s soluciones creativas a tu situaci\u00f3n.<\/p><p>Tras 30 a\u00f1os de experiencia acompa\u00f1ando personas como t\u00fa he tenido la oportunidad de conocer a centenares de personas, conocer su idiosincrasia, como se expresan, como se mueven, aspectos fundamentales en el desempe\u00f1o de esta t\u00e9cnica y donde lo realmente importante eres t\u00fa y no el tiempo de duraci\u00f3n de la sesi\u00f3n.<\/p><p>\u00a0<\/p><\/div><\/div><\/div>\n\t\t\t\t\t<\/div>\n\t\t\t\t\t\t<\/div>\n\t\t\t\t<\/div>\n\t\t\t\t<div class=\"elementor-element elementor-element-a13f523 elementor-align-center elementor-widget elementor-widget-button\" data-id=\"a13f523\" data-element_type=\"widget\" data-e-type=\"widget\" data-widget_type=\"button.default\">\n\t\t\t\t<div class=\"elementor-widget-container\">\n\t\t\t\t\t\t\t\t\t<div class=\"elementor-button-wrapper\">\n\t\t\t\t\t<a class=\"elementor-button elementor-button-link elementor-size-sm\" href=\"https:\/\/almaconsciente.es\/index.php\/contact-us\/\">\n\t\t\t\t\t\t<span class=\"elementor-button-content-wrapper\">\n\t\t\t\t\t\t\t\t\t<span class=\"elementor-button-text\">\u00a1QUIERO CAMBIAR MI VIDA! QUIERO QUE ME ACOMPA\u00d1ES PEDRO<\/span>\n\t\t\t\t\t<\/span>\n\t\t\t\t\t<\/a>\n\t\t\t\t<\/div>\n\t\t\t\t\t\t\t\t<\/div>\n\t\t\t\t<\/div>\n\t\t\t\t<div class=\"elementor-element elementor-element-066808d elementor-widget elementor-widget-wd_text_block\" data-id=\"066808d\" data-element_type=\"widget\" data-e-type=\"widget\" data-widget_type=\"wd_text_block.default\">\n\t\t\t\t<div class=\"elementor-widget-container\">\n\t\t\t\t\t\t\t<div class=\"wd-text-block reset-last-child text-left\">\n\t\t\t\n\t\t\t<p style=\"text-align: center;\"><strong>La hipnosis no sustituye ning\u00fan tratamiento pautado por tu m\u00e9dico, ya que es una t\u00e9cnica complementaria.<\/strong><\/p>\n\t\t\t\t\t<\/div>\n\t\t\t\t\t\t<\/div>\n\t\t\t\t<\/div>\n\t\t\t\t<div class=\"elementor-element elementor-element-381e7fc elementor-invisible elementor-widget elementor-widget-wd_text_block\" data-id=\"381e7fc\" data-element_type=\"widget\" data-e-type=\"widget\" data-settings=\"{&quot;_animation&quot;:&quot;fadeInUp&quot;}\" data-widget_type=\"wd_text_block.default\">\n\t\t\t\t<div class=\"elementor-widget-container\">\n\t\t\t\t\t\t\t<div class=\"wd-text-block reset-last-child text-left\">\n\t\t\t\n\t\t\t<div class=\"elementor-element elementor-element-bd08915 elementor-widget elementor-widget-aheto_heading animated fadeIn\" data-id=\"bd08915\" data-element_type=\"widget\" data-settings=\"{&quot;_animation&quot;:&quot;fadeIn&quot;,&quot;_animation_delay&quot;:200}\" data-widget_type=\"aheto_heading.default\"><div class=\"elementor-widget-container\"><div class=\"aheto-heading aheto-heading--rela__simple aheto_heading_651cda4fceada \"><p style=\"text-align: center;\">Como dec\u00eda <strong>Richard Bandler<\/strong>, gran conocedor de esta disciplina:<\/p><p style=\"text-align: center;\"><strong><em>\u201cLa hipnosis est\u00e1 en todos los lugares, solo hay que observar\u201d<\/em><\/strong><\/p><\/div><\/div><\/div>\n\t\t\t\t\t<\/div>\n\t\t\t\t\t\t<\/div>\n\t\t\t\t<\/div>\n\t\t\t\t<\/div>\n\t\t\t\t<\/div>\n\t\t\t\t\t<\/div>\n\t\t\t\t<\/div>\n\t\t<div class=\"wd-negative-gap elementor-element elementor-element-911c2e6 e-flex e-con-boxed e-con e-parent\" data-id=\"911c2e6\" data-element_type=\"container\" data-e-type=\"container\">\n\t\t\t\t\t<div class=\"e-con-inner\">\n\t\t\t\t\t<\/div>\n\t\t\t\t<\/div>\n\t\t<div class=\"wd-negative-gap elementor-element elementor-element-991acc4 wd-section-stretch e-flex e-con-boxed e-con e-child\" data-id=\"991acc4\" data-element_type=\"container\" data-e-type=\"container\" data-settings=\"{&quot;background_background&quot;:&quot;classic&quot;}\">\n\t\t\t\t\t<div class=\"e-con-inner\">\n\t\t\t\t<div class=\"elementor-element elementor-element-3f9e180 wd-width-100 elementor-invisible elementor-widget elementor-widget-wd_title\" data-id=\"3f9e180\" data-element_type=\"widget\" data-e-type=\"widget\" data-settings=\"{&quot;_animation&quot;:&quot;fadeInUp&quot;}\" data-widget_type=\"wd_title.default\">\n\t\t\t\t<div class=\"elementor-widget-container\">\n\t\t\t\t\t\t\t<div class=\"title-wrapper wd-set-mb reset-last-child wd-title-color-alt wd-title-style-default wd-title-size-large text-center\">\n\n\t\t\t\n\t\t\t<div class=\"liner-continer\">\n\t\t\t\t<h4 class=\"woodmart-title-container title wd-fontsize-xxl\">Conf\u00edo en que las casualidades no existen y si llegaste hasta aqu\u00ed es por algo. Si te sentiste identificado\/a con alg\u00fan aspecto que plasm\u00e9 en este apartado o algo de m\u00ed te reson\u00f3 internamente estar\u00e9 encantado y agradecido de conocerte<\/h4> \n\t\t\t\t\t\t\t<\/div>\n\n\t\t\t\t\t<\/div>\n\t\t\t\t\t\t<\/div>\n\t\t\t\t<\/div>\n\t\t\t\t<div class=\"elementor-element elementor-element-901ae86 elementor-widget__width-inherit elementor-widget elementor-widget-wd_button\" data-id=\"901ae86\" data-element_type=\"widget\" data-e-type=\"widget\" data-settings=\"{&quot;_animation_mobile&quot;:&quot;fadeInUp&quot;}\" data-widget_type=\"wd_button.default\">\n\t\t\t\t<div class=\"elementor-widget-container\">\n\t\t\t\t\t\t\t<div class=\"wd-button-wrapper text-center\" >\n\t\t\t<a class=\"btn btn-style-link btn-shape- btn-size-default btn-color-white btn-icon-pos-right\"  href=\"https:\/\/almaconsciente.es\/index.php\/contact-us\/\">\n\t\t\t\t<span class=\"wd-btn-text\" data-elementor-setting-key=\"text\">\n\t\t\t\t\tT\u00da ELIGES CU\u00c1NDO\t\t\t\t<\/span>\n\n\t\t\t\t\t\t\t<\/a>\n\t\t<\/div>\n\t\t\t\t\t\t<\/div>\n\t\t\t\t<\/div>\n\t\t\t\t\t<\/div>\n\t\t\t\t<\/div>\n\t\t<div class=\"wd-negative-gap elementor-element elementor-element-927e63b e-flex e-con-boxed e-con e-parent\" data-id=\"927e63b\" data-element_type=\"container\" data-e-type=\"container\">\n\t\t\t\t\t<div class=\"e-con-inner\">\n\t\t\t\t<div class=\"elementor-element elementor-element-4581b66 elementor-widget elementor-widget-wd_text_block\" data-id=\"4581b66\" data-element_type=\"widget\" data-e-type=\"widget\" data-widget_type=\"wd_text_block.default\">\n\t\t\t\t<div class=\"elementor-widget-container\">\n\t\t\t\t\t\t\t<div class=\"wd-text-block reset-last-child text-left\">\n\t\t\t\n\t\t\t\n\t\t\t\t\t<\/div>\n\t\t\t\t\t\t<\/div>\n\t\t\t\t<\/div>\n\t\t\t\t\t<\/div>\n\t\t\t\t<\/div>\n\t\t<div class=\"wd-negative-gap elementor-element elementor-element-2303d1e e-flex e-con-boxed e-con e-parent\" data-id=\"2303d1e\" data-element_type=\"container\" data-e-type=\"container\">\n\t\t\t\t\t<div class=\"e-con-inner\">\n\t\t\t\t\t<\/div>\n\t\t\t\t<\/div>\n\t\t\t\t<\/div>\n\t\t","protected":false},"excerpt":{"rendered":"<p>Hipnosis Terap\u00e9utica Qu\u00e9 NO es hipnosis terap\u00e9utica \u00a0 No es un espect\u00e1culoNo es dormirseNo es perder el controlNo es transgredir<\/p>\n","protected":false},"author":1,"featured_media":0,"parent":0,"menu_order":0,"comment_status":"closed","ping_status":"closed","template":"","meta":{"footnotes":""},"class_list":["post-17130","page","type-page","status-publish","hentry"],"_links":{"self":[{"href":"https:\/\/almaconsciente.es\/index.php\/wp-json\/wp\/v2\/pages\/17130","targetHints":{"allow":["GET"]}}],"collection":[{"href":"https:\/\/almaconsciente.es\/index.php\/wp-json\/wp\/v2\/pages"}],"about":[{"href":"https:\/\/almaconsciente.es\/index.php\/wp-json\/wp\/v2\/types\/page"}],"author":[{"embeddable":true,"href":"https:\/\/almaconsciente.es\/index.php\/wp-json\/wp\/v2\/users\/1"}],"replies":[{"embeddable":true,"href":"https:\/\/almaconsciente.es\/index.php\/wp-json\/wp\/v2\/comments?post=17130"}],"version-history":[{"count":37,"href":"https:\/\/almaconsciente.es\/index.php\/wp-json\/wp\/v2\/pages\/17130\/revisions"}],"predecessor-version":[{"id":18351,"href":"https:\/\/almaconsciente.es\/index.php\/wp-json\/wp\/v2\/pages\/17130\/revisions\/18351"}],"wp:attachment":[{"href":"https:\/\/almaconsciente.es\/index.php\/wp-json\/wp\/v2\/media?parent=17130"}],"curies":[{"name":"wp","href":"https:\/\/api.w.org\/{rel}","templated":true}]}}