{"id":17119,"date":"2023-11-16T11:04:36","date_gmt":"2023-11-16T11:04:36","guid":{"rendered":"https:\/\/almaconsciente.es\/?page_id=17119"},"modified":"2024-10-30T16:19:14","modified_gmt":"2024-10-30T16:19:14","slug":"terapia-transpersonal","status":"publish","type":"page","link":"https:\/\/almaconsciente.es\/index.php\/terapia-transpersonal\/","title":{"rendered":"Terapia Transpersonal"},"content":{"rendered":"\t\t<div data-elementor-type=\"wp-page\" data-elementor-id=\"17119\" class=\"elementor elementor-17119\" data-elementor-post-type=\"page\">\n\t\t\t\t<div class=\"wd-negative-gap elementor-element elementor-element-a05d0bf wd-section-stretch e-flex e-con-boxed e-con e-parent\" data-id=\"a05d0bf\" data-element_type=\"container\" data-e-type=\"container\" data-settings=\"{&quot;background_background&quot;:&quot;classic&quot;}\">\n\t\t\t\t\t<div class=\"e-con-inner\">\n\t\t\t\t<div class=\"elementor-element elementor-element-9940d1d elementor-widget__width-initial wd-width-100 elementor-invisible elementor-widget elementor-widget-wd_title\" data-id=\"9940d1d\" data-element_type=\"widget\" data-e-type=\"widget\" data-settings=\"{&quot;_animation&quot;:&quot;fadeInUp&quot;}\" data-widget_type=\"wd_title.default\">\n\t\t\t\t<div class=\"elementor-widget-container\">\n\t\t\t\t\t\t\t<div class=\"title-wrapper wd-set-mb reset-last-child wd-title-color-alt wd-title-style-default wd-title-size-large text-center\">\n\n\t\t\t\n\t\t\t<div class=\"liner-continer\">\n\t\t\t\t<h4 class=\"woodmart-title-container title wd-fontsize-xxl\">Terapia transpersonal<\/h4> \n\t\t\t\t\t\t\t<\/div>\n\n\t\t\t\t\t<\/div>\n\t\t\t\t\t\t<\/div>\n\t\t\t\t<\/div>\n\t\t\t\t\t<\/div>\n\t\t\t\t<\/div>\n\t\t<div class=\"wd-negative-gap elementor-element elementor-element-074cf7a wd-section-stretch e-flex e-con-boxed e-con e-parent\" data-id=\"074cf7a\" data-element_type=\"container\" data-e-type=\"container\" data-settings=\"{&quot;background_background&quot;:&quot;classic&quot;}\">\n\t\t\t\t\t<div class=\"e-con-inner\">\n\t\t<div class=\"elementor-element elementor-element-7323f34 e-con-full e-flex e-con e-child\" data-id=\"7323f34\" data-element_type=\"container\" data-e-type=\"container\">\n\t\t<div class=\"elementor-element elementor-element-674f7a8 e-con-full e-flex e-con e-child\" data-id=\"674f7a8\" data-element_type=\"container\" data-e-type=\"container\">\n\t\t\t\t<div class=\"elementor-element elementor-element-3a7e498 animated-slow elementor-invisible elementor-widget elementor-widget-wd_text_block\" data-id=\"3a7e498\" data-element_type=\"widget\" data-e-type=\"widget\" data-settings=\"{&quot;_animation&quot;:&quot;fadeInUp&quot;}\" data-widget_type=\"wd_text_block.default\">\n\t\t\t\t<div class=\"elementor-widget-container\">\n\t\t\t\t\t\t\t<div class=\"wd-text-block reset-last-child text-left\">\n\t\t\t\n\t\t\t<div class=\"elementor-element elementor-element-bd08915 elementor-widget elementor-widget-aheto_heading animated fadeIn\" data-id=\"bd08915\" data-element_type=\"widget\" data-settings=\"{&quot;_animation&quot;:&quot;fadeIn&quot;,&quot;_animation_delay&quot;:200}\" data-widget_type=\"aheto_heading.default\"><div class=\"elementor-widget-container\"><div class=\"aheto-heading aheto-heading--rela__simple aheto_heading_651cda4fceada \"><p>La terapia transpersonal, es la que empleo en mis sesiones para acompa\u00f1ar personas como t\u00fa, es una exploraci\u00f3n profunda, integral al alma humana, un nuevo enfoque vivencial que ampl\u00eda la psicolog\u00eda tradicional.<\/p><p>La psicolog\u00eda transpersonal forma parte de cuatro fuerzas de la psicolog\u00eda.<\/p><p>\u00a0\u00a0\u00a0\u00a0\u00a0\u00a0 -Primera fuerza:\u00a0\u00a0 Conductismo.<\/p><p>\u00a0\u00a0\u00a0\u00a0\u00a0\u00a0 -Segunda fuerza: Psicoan\u00e1lisis.<\/p><p>\u00a0\u00a0\u00a0\u00a0\u00a0\u00a0 -Tercera fuerza:\u00a0\u00a0 Psicolog\u00eda humanista.<\/p><p>\u00a0\u00a0\u00a0\u00a0\u00a0 \u00a0-Cuarta fuerza:\u00a0\u00a0\u00a0 Psicolog\u00eda transpersonal.<\/p><p>Es un camino de autoconocimiento y desarrollo que consiste en llevar\u00a0 nuestro d\u00eda a d\u00eda a una apertura al amor esencial.<\/p><p>Desde el conocimiento y la exploraci\u00f3n de la identidad personal avanzamos a la identidad esencial.<\/p><p>Equilibra nuestro ego con el\u00a0 bienestar integral al aflorar lo esencial del coraz\u00f3n humano.<\/p><p>Actualmente acompa\u00f1o a personas con problemas de adicciones y m\u00e1s concretamente adicciones a las nuevas tecnolog\u00edas, donde convertir\u00e1s tus h\u00e1bitos dependientes por otros h\u00e1bitos m\u00e1s saludables para tu evoluci\u00f3n personal, y donde lo importante eres t\u00fa y no el tiempo de duraci\u00f3n de la sesi\u00f3n.<\/p><p>Durante 35 a\u00f1os de acompa\u00f1amiento \u00a0he empleado la terapia transpersonal y otras t\u00e9cnicas creando mi propio m\u00e9todo y dando cabida a solventar aspectos como:<\/p><ul><li>Gesti\u00f3n de emociones.<\/li><li>Sentido de la vida.<\/li><li>Construir relaciones sanas y conscientes.<\/li><li>Convertir los obst\u00e1culos en oportunidades para crecer y desarrollar tu potencial.<\/li><li>Transmitir el dolor emocional a una profunda maduraci\u00f3n personal.<\/li><li>El poder curativo del alma.<\/li><\/ul><\/div><\/div><\/div>\n\t\t\t\t\t<\/div>\n\t\t\t\t\t\t<\/div>\n\t\t\t\t<\/div>\n\t\t\t\t<div class=\"elementor-element elementor-element-a13f523 elementor-align-center elementor-widget elementor-widget-button\" data-id=\"a13f523\" data-element_type=\"widget\" data-e-type=\"widget\" data-widget_type=\"button.default\">\n\t\t\t\t<div class=\"elementor-widget-container\">\n\t\t\t\t\t\t\t\t\t<div class=\"elementor-button-wrapper\">\n\t\t\t\t\t<a class=\"elementor-button elementor-button-link elementor-size-sm\" href=\"#\">\n\t\t\t\t\t\t<span class=\"elementor-button-content-wrapper\">\n\t\t\t\t\t\t\t\t\t<span class=\"elementor-button-text\">\u00a1QUIERO CAMBIAR MI VIDA! QUIERO QUE ME ACOMPA\u00d1ES PEDRO<\/span>\n\t\t\t\t\t<\/span>\n\t\t\t\t\t<\/a>\n\t\t\t\t<\/div>\n\t\t\t\t\t\t\t\t<\/div>\n\t\t\t\t<\/div>\n\t\t\t\t<div class=\"elementor-element elementor-element-066808d elementor-widget elementor-widget-wd_text_block\" data-id=\"066808d\" data-element_type=\"widget\" data-e-type=\"widget\" data-widget_type=\"wd_text_block.default\">\n\t\t\t\t<div class=\"elementor-widget-container\">\n\t\t\t\t\t\t\t<div class=\"wd-text-block reset-last-child text-left\">\n\t\t\t\n\t\t\t<p style=\"text-align: center;\"><strong>La terapia transpersonal no sustituye ning\u00fan tratamiento pautado por tu m\u00e9dico,<\/strong><strong> ya que es una terapia integrativa, complementaria.<\/strong><\/p>\n\t\t\t\t\t<\/div>\n\t\t\t\t\t\t<\/div>\n\t\t\t\t<\/div>\n\t\t\t\t<\/div>\n\t\t\t\t<\/div>\n\t\t\t\t\t<\/div>\n\t\t\t\t<\/div>\n\t\t<div class=\"wd-negative-gap elementor-element elementor-element-911c2e6 e-flex e-con-boxed e-con e-parent\" data-id=\"911c2e6\" data-element_type=\"container\" data-e-type=\"container\">\n\t\t\t\t\t<div class=\"e-con-inner\">\n\t\t\t\t\t<\/div>\n\t\t\t\t<\/div>\n\t\t<div class=\"wd-negative-gap elementor-element elementor-element-991acc4 wd-section-stretch e-flex e-con-boxed e-con e-child\" data-id=\"991acc4\" data-element_type=\"container\" data-e-type=\"container\" data-settings=\"{&quot;background_background&quot;:&quot;classic&quot;}\">\n\t\t\t\t\t<div class=\"e-con-inner\">\n\t\t\t\t<div class=\"elementor-element elementor-element-3f9e180 wd-width-100 elementor-invisible elementor-widget elementor-widget-wd_title\" data-id=\"3f9e180\" data-element_type=\"widget\" data-e-type=\"widget\" data-settings=\"{&quot;_animation&quot;:&quot;fadeInUp&quot;}\" data-widget_type=\"wd_title.default\">\n\t\t\t\t<div class=\"elementor-widget-container\">\n\t\t\t\t\t\t\t<div class=\"title-wrapper wd-set-mb reset-last-child wd-title-color-alt wd-title-style-default wd-title-size-large text-center\">\n\n\t\t\t\n\t\t\t<div class=\"liner-continer\">\n\t\t\t\t<h4 class=\"woodmart-title-container title wd-fontsize-xxl\">Conf\u00edo en que las casualidades no existen y si llegaste hasta aqu\u00ed es por algo. Si te sentiste identificado\/a con alg\u00fan aspecto que plasm\u00e9 en este apartado o algo de m\u00ed te reson\u00f3 internamente estar\u00e9 encantado y agradecido de conocerte<\/h4> \n\t\t\t\t\t\t\t<\/div>\n\n\t\t\t\t\t<\/div>\n\t\t\t\t\t\t<\/div>\n\t\t\t\t<\/div>\n\t\t\t\t<div class=\"elementor-element elementor-element-901ae86 elementor-widget__width-inherit elementor-widget elementor-widget-wd_button\" data-id=\"901ae86\" data-element_type=\"widget\" data-e-type=\"widget\" data-settings=\"{&quot;_animation_mobile&quot;:&quot;fadeInUp&quot;}\" data-widget_type=\"wd_button.default\">\n\t\t\t\t<div class=\"elementor-widget-container\">\n\t\t\t\t\t\t\t<div class=\"wd-button-wrapper text-center\" >\n\t\t\t<a class=\"btn btn-style-link btn-shape- btn-size-default btn-color-white btn-icon-pos-right\"  href=\"https:\/\/almaconsciente.es\/index.php\/contact-us\/\">\n\t\t\t\t<span class=\"wd-btn-text\" data-elementor-setting-key=\"text\">\n\t\t\t\t\tT\u00da ELIGES CU\u00c1NDO\t\t\t\t<\/span>\n\n\t\t\t\t\t\t\t<\/a>\n\t\t<\/div>\n\t\t\t\t\t\t<\/div>\n\t\t\t\t<\/div>\n\t\t\t\t\t<\/div>\n\t\t\t\t<\/div>\n\t\t<div class=\"wd-negative-gap elementor-element elementor-element-927e63b e-flex e-con-boxed e-con e-parent\" data-id=\"927e63b\" data-element_type=\"container\" data-e-type=\"container\">\n\t\t\t\t\t<div class=\"e-con-inner\">\n\t\t\t\t<div class=\"elementor-element elementor-element-4581b66 elementor-widget elementor-widget-wd_text_block\" data-id=\"4581b66\" data-element_type=\"widget\" data-e-type=\"widget\" data-widget_type=\"wd_text_block.default\">\n\t\t\t\t<div class=\"elementor-widget-container\">\n\t\t\t\t\t\t\t<div class=\"wd-text-block reset-last-child text-left\">\n\t\t\t\n\t\t\t\n\t\t\t\t\t<\/div>\n\t\t\t\t\t\t<\/div>\n\t\t\t\t<\/div>\n\t\t\t\t\t<\/div>\n\t\t\t\t<\/div>\n\t\t\t\t<\/div>\n\t\t","protected":false},"excerpt":{"rendered":"<p>Terapia transpersonal La terapia transpersonal, es la que empleo en mis sesiones para acompa\u00f1ar personas como t\u00fa, es una exploraci\u00f3n<\/p>\n","protected":false},"author":1,"featured_media":0,"parent":0,"menu_order":0,"comment_status":"closed","ping_status":"closed","template":"","meta":{"footnotes":""},"class_list":["post-17119","page","type-page","status-publish","hentry"],"_links":{"self":[{"href":"https:\/\/almaconsciente.es\/index.php\/wp-json\/wp\/v2\/pages\/17119","targetHints":{"allow":["GET"]}}],"collection":[{"href":"https:\/\/almaconsciente.es\/index.php\/wp-json\/wp\/v2\/pages"}],"about":[{"href":"https:\/\/almaconsciente.es\/index.php\/wp-json\/wp\/v2\/types\/page"}],"author":[{"embeddable":true,"href":"https:\/\/almaconsciente.es\/index.php\/wp-json\/wp\/v2\/users\/1"}],"replies":[{"embeddable":true,"href":"https:\/\/almaconsciente.es\/index.php\/wp-json\/wp\/v2\/comments?post=17119"}],"version-history":[{"count":40,"href":"https:\/\/almaconsciente.es\/index.php\/wp-json\/wp\/v2\/pages\/17119\/revisions"}],"predecessor-version":[{"id":18345,"href":"https:\/\/almaconsciente.es\/index.php\/wp-json\/wp\/v2\/pages\/17119\/revisions\/18345"}],"wp:attachment":[{"href":"https:\/\/almaconsciente.es\/index.php\/wp-json\/wp\/v2\/media?parent=17119"}],"curies":[{"name":"wp","href":"https:\/\/api.w.org\/{rel}","templated":true}]}}