{"id":16445,"date":"2023-10-11T09:22:40","date_gmt":"2023-10-11T09:22:40","guid":{"rendered":"https:\/\/almaconsciente.es\/?page_id=16445"},"modified":"2024-11-08T15:56:45","modified_gmt":"2024-11-08T15:56:45","slug":"talleres","status":"publish","type":"page","link":"https:\/\/almaconsciente.es\/index.php\/talleres\/","title":{"rendered":"Talleres"},"content":{"rendered":"\t\t<div data-elementor-type=\"wp-page\" data-elementor-id=\"16445\" class=\"elementor elementor-16445\" data-elementor-post-type=\"page\">\n\t\t\t\t<div class=\"wd-negative-gap elementor-element elementor-element-6ad76eb wd-section-stretch e-flex e-con-boxed e-con e-parent\" data-id=\"6ad76eb\" data-element_type=\"container\" data-e-type=\"container\" data-settings=\"{&quot;background_background&quot;:&quot;classic&quot;}\">\n\t\t\t\t\t<div class=\"e-con-inner\">\n\t\t\t\t<div class=\"elementor-element elementor-element-71f029d elementor-widget__width-initial wd-width-100 elementor-invisible elementor-widget elementor-widget-wd_title\" data-id=\"71f029d\" data-element_type=\"widget\" data-e-type=\"widget\" data-settings=\"{&quot;_animation&quot;:&quot;fadeInUp&quot;}\" data-widget_type=\"wd_title.default\">\n\t\t\t\t<div class=\"elementor-widget-container\">\n\t\t\t\t\t\t\t<div class=\"title-wrapper wd-set-mb reset-last-child wd-title-color-alt wd-title-style-default wd-title-size-large text-center\">\n\n\t\t\t\n\t\t\t<div class=\"liner-continer\">\n\t\t\t\t<h4 class=\"woodmart-title-container title wd-fontsize-xxl\">Cursos y Talleres<\/h4> \n\t\t\t\t\t\t\t<\/div>\n\n\t\t\t\t\t<\/div>\n\t\t\t\t\t\t<\/div>\n\t\t\t\t<\/div>\n\t\t\t\t\t<\/div>\n\t\t\t\t<\/div>\n\t\t<div class=\"wd-negative-gap elementor-element elementor-element-20afffe e-flex e-con-boxed e-con e-parent\" data-id=\"20afffe\" data-element_type=\"container\" data-e-type=\"container\">\n\t\t\t\t\t<div class=\"e-con-inner\">\n\t\t\t\t<div class=\"elementor-element elementor-element-22e9232 wd-width-100 elementor-widget elementor-widget-wd_products\" data-id=\"22e9232\" data-element_type=\"widget\" data-e-type=\"widget\" data-widget_type=\"wd_products.default\">\n\t\t\t\t<div class=\"elementor-widget-container\">\n\t\t\t\t\t\t\t\t\t\t<div class=\"wd-products-element\">\n\n\t\t\t\n\t\t\t\n\t\t\t\n\t\t\t\n\t\t\t<div class=\"products wd-products grid-columns-4 elements-grid wd-grid-g wd-stretch-cont-lg\" data-paged=\"1\" data-atts=\"{&quot;speed&quot;:null,&quot;slides_per_view&quot;:null,&quot;wrap&quot;:null,&quot;autoplay&quot;:null,&quot;autoheight&quot;:null,&quot;hide_pagination_control&quot;:null,&quot;dynamic_pagination_control&quot;:null,&quot;hide_prev_next_buttons&quot;:null,&quot;carousel_arrows_position&quot;:null,&quot;hide_scrollbar&quot;:null,&quot;scroll_per_page&quot;:null,&quot;center_mode&quot;:null,&quot;spacing&quot;:&quot;&quot;,&quot;carousel_sync&quot;:null,&quot;sync_parent_id&quot;:null,&quot;sync_child_id&quot;:null,&quot;scroll_carousel_init&quot;:null,&quot;disable_overflow_carousel&quot;:null,&quot;include&quot;:null,&quot;taxonomies&quot;:[&quot;74&quot;,&quot;77&quot;],&quot;orderby&quot;:&quot;date&quot;,&quot;meta_key&quot;:null,&quot;shop_tools&quot;:null,&quot;ajax_recently_viewed&quot;:null,&quot;pagination_arrows_position&quot;:null,&quot;columns&quot;:{&quot;unit&quot;:&quot;px&quot;,&quot;size&quot;:4,&quot;sizes&quot;:[]},&quot;products_masonry&quot;:&quot;&quot;,&quot;products_different_sizes&quot;:&quot;&quot;,&quot;product_quantity&quot;:&quot;&quot;,&quot;sale_countdown&quot;:&quot;0&quot;,&quot;stretch_product&quot;:null,&quot;stock_progress_bar&quot;:&quot;0&quot;,&quot;highlighted_products&quot;:&quot;0&quot;,&quot;products_divider&quot;:null,&quot;products_bordered_grid&quot;:&quot;0&quot;,&quot;products_bordered_grid_style&quot;:null,&quot;products_with_background&quot;:&quot;0&quot;,&quot;products_shadow&quot;:&quot;0&quot;,&quot;img_size&quot;:&quot;custom&quot;,&quot;img_size_custom&quot;:{&quot;width&quot;:&quot;400&quot;,&quot;height&quot;:&quot;400&quot;},&quot;grid_gallery_control&quot;:null,&quot;grid_gallery_enable_arrows&quot;:null,&quot;elementor&quot;:true,&quot;force_not_ajax&quot;:&quot;no&quot;}\" data-source=\"shortcode\" data-columns=\"4\" data-grid-gallery=\"\" style=\"--wd-col-lg:4;--wd-col-md:4;--wd-col-sm:2;--wd-gap-lg:20px;--wd-gap-sm:10px;\">\n\t\t\n\t\t\t\t\t\t\t\t<div class=\"wd-product wd-hover-button wd-col product-grid-item product type-product post-18427 status-publish instock product_cat-talleres has-post-thumbnail taxable shipping-taxable product-type-simple\" data-loop=\"1\" data-id=\"18427\">\n\t\n\t\n<div class=\"product-wrapper\">\n\t<div class=\"product-element-top wd-quick-shop\">\n\t\t<a href=\"https:\/\/almaconsciente.es\/index.php\/producto\/taller-el-arte-del-masaje-abhyanga-y-la-medicina-ayurveda\/\" class=\"product-image-link\" tabindex=\"-1\" aria-label=\"Taller El arte del masaje abhyanga y la medicina ayurveda\">\n\t\t\t<img loading=\"lazy\" decoding=\"async\" width=\"400\" height=\"400\" src=\"https:\/\/almaconsciente.es\/wp-content\/uploads\/2024\/12\/Captura-de-pantalla-2024-12-19-091206-400x400.png\" class=\"attachment-400x400 size-400x400\" alt=\"\" srcset=\"https:\/\/almaconsciente.es\/wp-content\/uploads\/2024\/12\/Captura-de-pantalla-2024-12-19-091206-400x400.png 400w, https:\/\/almaconsciente.es\/wp-content\/uploads\/2024\/12\/Captura-de-pantalla-2024-12-19-091206-301x300.png 301w, https:\/\/almaconsciente.es\/wp-content\/uploads\/2024\/12\/Captura-de-pantalla-2024-12-19-091206-150x150.png 150w, https:\/\/almaconsciente.es\/wp-content\/uploads\/2024\/12\/Captura-de-pantalla-2024-12-19-091206-430x429.png 430w, https:\/\/almaconsciente.es\/wp-content\/uploads\/2024\/12\/Captura-de-pantalla-2024-12-19-091206-300x300.png 300w, https:\/\/almaconsciente.es\/wp-content\/uploads\/2024\/12\/Captura-de-pantalla-2024-12-19-091206.png 533w\" sizes=\"auto, (max-width: 400px) 100vw, 400px\" \/>\t\t<\/a>\n\n\t\t\n\t\t<div class=\"wd-add-btn wd-add-btn-replace\">\n\t\t\t<a href=\"https:\/\/almaconsciente.es\/index.php\/producto\/taller-el-arte-del-masaje-abhyanga-y-la-medicina-ayurveda\/\" aria-describedby=\"woocommerce_loop_add_to_cart_link_describedby_18427\" data-quantity=\"1\" class=\"button product_type_simple add-to-cart-loop\" data-product_id=\"18427\" data-product_sku=\"\" aria-label=\"Lee m\u00e1s sobre &ldquo;Taller El arte del masaje abhyanga y la medicina ayurveda&rdquo;\" rel=\"nofollow\" data-success_message=\"\"><span>Leer m\u00e1s<\/span><\/a>\t<span id=\"woocommerce_loop_add_to_cart_link_describedby_18427\" class=\"screen-reader-text\">\n\t\t\t<\/span>\n\t\t<\/div>\n\n\t\t<div class=\"wd-buttons wd-pos-r-t\">\n\t\t\t\t\t\t\t\t\t\t\t<div class=\"quick-view wd-action-btn wd-style-icon wd-quick-view-icon\">\n\t\t\t<a\n\t\t\t\thref=\"https:\/\/almaconsciente.es\/index.php\/producto\/taller-el-arte-del-masaje-abhyanga-y-la-medicina-ayurveda\/\"\n\t\t\t\tclass=\"open-quick-view quick-view-button\"\n\t\t\t\trel=\"nofollow\"\n\t\t\t\tdata-id=\"18427\"\n\t\t\t\t>Vista previa<\/a>\n\t\t<\/div>\n\t\t\t\t\t\t\t<\/div>\n\t<\/div>\n\t\t<div class=\"product-element-bottom\">\n\t\t\t\t\t<h3 class=\"wd-entities-title\"><a href=\"https:\/\/almaconsciente.es\/index.php\/producto\/taller-el-arte-del-masaje-abhyanga-y-la-medicina-ayurveda\/\">Taller El arte del masaje abhyanga y la medicina ayurveda<\/a><\/h3>\t\t\t\t<div class=\"wd-product-cats\">\n\t\t\t<a href=\"https:\/\/almaconsciente.es\/index.php\/categoria-producto\/talleres\/\" rel=\"tag\">Talleres<\/a>\t\t<\/div>\n\t\t\t\t\t\t\n\n\t\t\n\t\t\n\t\t\t\t<\/div>\n\t<\/div>\n<\/div>\n\t\t\t\t\t\t\t\t<div class=\"wd-product wd-hover-button wd-col product-grid-item product type-product post-18051 status-publish instock product_cat-talleres has-post-thumbnail taxable shipping-taxable purchasable product-type-simple\" data-loop=\"2\" data-id=\"18051\">\n\t\n\t\n<div class=\"product-wrapper\">\n\t<div class=\"product-element-top wd-quick-shop\">\n\t\t<a href=\"https:\/\/almaconsciente.es\/index.php\/producto\/taller-sanando-mi-nino-a-interior\/\" class=\"product-image-link\" tabindex=\"-1\" aria-label=\"Taller Sanando mi ni\u00f1o\/a interior\">\n\t\t\t<img loading=\"lazy\" decoding=\"async\" width=\"400\" height=\"400\" src=\"https:\/\/almaconsciente.es\/wp-content\/uploads\/2023\/12\/NINO-400x400.png\" class=\"attachment-400x400 size-400x400\" alt=\"\" srcset=\"https:\/\/almaconsciente.es\/wp-content\/uploads\/2023\/12\/NINO-400x400.png 400w, https:\/\/almaconsciente.es\/wp-content\/uploads\/2023\/12\/NINO-150x150.png 150w, https:\/\/almaconsciente.es\/wp-content\/uploads\/2023\/12\/NINO-300x300.png 300w\" sizes=\"auto, (max-width: 400px) 100vw, 400px\" \/>\t\t<\/a>\n\n\t\t\n\t\t<div class=\"wd-add-btn wd-add-btn-replace\">\n\t\t\t<a href=\"\/index.php\/wp-json\/wp\/v2\/pages\/16445?add-to-cart=18051\" aria-describedby=\"woocommerce_loop_add_to_cart_link_describedby_18051\" data-quantity=\"1\" class=\"button product_type_simple add_to_cart_button ajax_add_to_cart add-to-cart-loop\" data-product_id=\"18051\" data-product_sku=\"\" aria-label=\"A\u00f1adir al carrito: &ldquo;Taller Sanando mi ni\u00f1o\/a interior&rdquo;\" rel=\"nofollow\" data-success_message=\"\u00abTaller Sanando mi ni\u00f1o\/a interior\u00bb se ha a\u00f1adido a tu carrito\" role=\"button\"><span>A\u00f1adir al carrito<\/span><\/a>\t<span id=\"woocommerce_loop_add_to_cart_link_describedby_18051\" class=\"screen-reader-text\">\n\t\t\t<\/span>\n\t\t<\/div>\n\n\t\t<div class=\"wd-buttons wd-pos-r-t\">\n\t\t\t\t\t\t\t\t\t\t\t<div class=\"quick-view wd-action-btn wd-style-icon wd-quick-view-icon\">\n\t\t\t<a\n\t\t\t\thref=\"https:\/\/almaconsciente.es\/index.php\/producto\/taller-sanando-mi-nino-a-interior\/\"\n\t\t\t\tclass=\"open-quick-view quick-view-button\"\n\t\t\t\trel=\"nofollow\"\n\t\t\t\tdata-id=\"18051\"\n\t\t\t\t>Vista previa<\/a>\n\t\t<\/div>\n\t\t\t\t\t\t\t<\/div>\n\t<\/div>\n\t\t<div class=\"product-element-bottom\">\n\t\t\t\t\t<h3 class=\"wd-entities-title\"><a href=\"https:\/\/almaconsciente.es\/index.php\/producto\/taller-sanando-mi-nino-a-interior\/\">Taller Sanando mi ni\u00f1o\/a interior<\/a><\/h3>\t\t\t\t<div class=\"wd-product-cats\">\n\t\t\t<a href=\"https:\/\/almaconsciente.es\/index.php\/categoria-producto\/talleres\/\" rel=\"tag\">Talleres<\/a>\t\t<\/div>\n\t\t\t\t\t\t\n\t<span class=\"price\"><span class=\"woocommerce-Price-amount amount\"><bdi>18,00<span class=\"woocommerce-Price-currencySymbol\">&euro;<\/span><\/bdi><\/span><\/span>\n\n\t\t\n\t\t\n\t\t\t\t<\/div>\n\t<\/div>\n<\/div>\n\t\t\t\t\t\t\t\t<div class=\"wd-product wd-hover-button wd-col product-grid-item product type-product post-17251 status-publish last instock product_cat-talleres has-post-thumbnail virtual taxable product-type-simple\" data-loop=\"3\" data-id=\"17251\">\n\t\n\t\n<div class=\"product-wrapper\">\n\t<div class=\"product-element-top wd-quick-shop\">\n\t\t<a href=\"https:\/\/almaconsciente.es\/index.php\/producto\/taller-supera-tu-adiccion-a-las-nuevas-tecnologias\/\" class=\"product-image-link\" tabindex=\"-1\" aria-label=\"Taller supera tu adicci\u00f3n a las nuevas tecnolog\u00edas\">\n\t\t\t<img loading=\"lazy\" decoding=\"async\" width=\"400\" height=\"400\" src=\"https:\/\/almaconsciente.es\/wp-content\/uploads\/2023\/11\/WhatsApp-Image-2023-11-07-at-11.13.59-400x400.jpeg\" class=\"attachment-400x400 size-400x400\" alt=\"\" srcset=\"https:\/\/almaconsciente.es\/wp-content\/uploads\/2023\/11\/WhatsApp-Image-2023-11-07-at-11.13.59-400x400.jpeg 400w, https:\/\/almaconsciente.es\/wp-content\/uploads\/2023\/11\/WhatsApp-Image-2023-11-07-at-11.13.59-150x150.jpeg 150w, https:\/\/almaconsciente.es\/wp-content\/uploads\/2023\/11\/WhatsApp-Image-2023-11-07-at-11.13.59-300x300.jpeg 300w\" sizes=\"auto, (max-width: 400px) 100vw, 400px\" \/>\t\t<\/a>\n\n\t\t\n\t\t<div class=\"wd-add-btn wd-add-btn-replace\">\n\t\t\t<a href=\"https:\/\/almaconsciente.es\/index.php\/producto\/taller-supera-tu-adiccion-a-las-nuevas-tecnologias\/\" aria-describedby=\"woocommerce_loop_add_to_cart_link_describedby_17251\" data-quantity=\"1\" class=\"button product_type_simple add-to-cart-loop\" data-product_id=\"17251\" data-product_sku=\"\" aria-label=\"Lee m\u00e1s sobre &ldquo;Taller supera tu adicci\u00f3n a las nuevas tecnolog\u00edas&rdquo;\" rel=\"nofollow\" data-success_message=\"\"><span>Leer m\u00e1s<\/span><\/a>\t<span id=\"woocommerce_loop_add_to_cart_link_describedby_17251\" class=\"screen-reader-text\">\n\t\t\t<\/span>\n\t\t<\/div>\n\n\t\t<div class=\"wd-buttons wd-pos-r-t\">\n\t\t\t\t\t\t\t\t\t\t\t<div class=\"quick-view wd-action-btn wd-style-icon wd-quick-view-icon\">\n\t\t\t<a\n\t\t\t\thref=\"https:\/\/almaconsciente.es\/index.php\/producto\/taller-supera-tu-adiccion-a-las-nuevas-tecnologias\/\"\n\t\t\t\tclass=\"open-quick-view quick-view-button\"\n\t\t\t\trel=\"nofollow\"\n\t\t\t\tdata-id=\"17251\"\n\t\t\t\t>Vista previa<\/a>\n\t\t<\/div>\n\t\t\t\t\t\t\t<\/div>\n\t<\/div>\n\t\t<div class=\"product-element-bottom\">\n\t\t\t\t\t<h3 class=\"wd-entities-title\"><a href=\"https:\/\/almaconsciente.es\/index.php\/producto\/taller-supera-tu-adiccion-a-las-nuevas-tecnologias\/\">Taller supera tu adicci\u00f3n a las nuevas tecnolog\u00edas<\/a><\/h3>\t\t\t\t<div class=\"wd-product-cats\">\n\t\t\t<a href=\"https:\/\/almaconsciente.es\/index.php\/categoria-producto\/talleres\/\" rel=\"tag\">Talleres<\/a>\t\t<\/div>\n\t\t\t\t\t\t\n\n\t\t\n\t\t\n\t\t\t\t<\/div>\n\t<\/div>\n<\/div>\n\t\t\t\t\t\t\t\t<div class=\"wd-product wd-hover-button wd-col product-grid-item product type-product post-17141 status-publish first onbackorder product_cat-formaciones has-post-thumbnail virtual taxable product-type-simple\" data-loop=\"4\" data-id=\"17141\">\n\t\n\t\n<div class=\"product-wrapper\">\n\t<div class=\"product-element-top wd-quick-shop\">\n\t\t<a href=\"https:\/\/almaconsciente.es\/index.php\/producto\/curso-claves-para-emplear-el-lenguaje-hipnotico-en-tu-vida-cotidiana\/\" class=\"product-image-link\" tabindex=\"-1\" aria-label=\"Curso Claves para emplear el lenguaje hipn\u00f3tico en tu vida cotidiana\">\n\t\t\t<img loading=\"lazy\" decoding=\"async\" width=\"400\" height=\"400\" src=\"https:\/\/almaconsciente.es\/wp-content\/uploads\/2023\/11\/curso-hipnosis-pedro-ok-400x400.jpg\" class=\"attachment-400x400 size-400x400\" alt=\"\" srcset=\"https:\/\/almaconsciente.es\/wp-content\/uploads\/2023\/11\/curso-hipnosis-pedro-ok-400x400.jpg 400w, https:\/\/almaconsciente.es\/wp-content\/uploads\/2023\/11\/curso-hipnosis-pedro-ok-150x150.jpg 150w, https:\/\/almaconsciente.es\/wp-content\/uploads\/2023\/11\/curso-hipnosis-pedro-ok-300x300.jpg 300w\" sizes=\"auto, (max-width: 400px) 100vw, 400px\" \/>\t\t<\/a>\n\n\t\t\n\t\t<div class=\"wd-add-btn wd-add-btn-replace\">\n\t\t\t<a href=\"https:\/\/almaconsciente.es\/index.php\/producto\/curso-claves-para-emplear-el-lenguaje-hipnotico-en-tu-vida-cotidiana\/\" aria-describedby=\"woocommerce_loop_add_to_cart_link_describedby_17141\" data-quantity=\"1\" class=\"button product_type_simple add-to-cart-loop\" data-product_id=\"17141\" data-product_sku=\"\" aria-label=\"Lee m\u00e1s sobre &ldquo;Curso Claves para emplear el lenguaje hipn\u00f3tico en tu vida cotidiana&rdquo;\" rel=\"nofollow\" data-success_message=\"\"><span>Leer m\u00e1s<\/span><\/a>\t<span id=\"woocommerce_loop_add_to_cart_link_describedby_17141\" class=\"screen-reader-text\">\n\t\t\t<\/span>\n\t\t<\/div>\n\n\t\t<div class=\"wd-buttons wd-pos-r-t\">\n\t\t\t\t\t\t\t\t\t\t\t<div class=\"quick-view wd-action-btn wd-style-icon wd-quick-view-icon\">\n\t\t\t<a\n\t\t\t\thref=\"https:\/\/almaconsciente.es\/index.php\/producto\/curso-claves-para-emplear-el-lenguaje-hipnotico-en-tu-vida-cotidiana\/\"\n\t\t\t\tclass=\"open-quick-view quick-view-button\"\n\t\t\t\trel=\"nofollow\"\n\t\t\t\tdata-id=\"17141\"\n\t\t\t\t>Vista previa<\/a>\n\t\t<\/div>\n\t\t\t\t\t\t\t<\/div>\n\t<\/div>\n\t\t<div class=\"product-element-bottom\">\n\t\t\t\t\t<h3 class=\"wd-entities-title\"><a href=\"https:\/\/almaconsciente.es\/index.php\/producto\/curso-claves-para-emplear-el-lenguaje-hipnotico-en-tu-vida-cotidiana\/\">Curso Claves para emplear el lenguaje hipn\u00f3tico en tu vida cotidiana<\/a><\/h3>\t\t\t\t<div class=\"wd-product-cats\">\n\t\t\t<a href=\"https:\/\/almaconsciente.es\/index.php\/categoria-producto\/formaciones\/\" rel=\"tag\">Formaciones<\/a>\t\t<\/div>\n\t\t\t\t\t\t\n\n\t\t\n\t\t\n\t\t\t\t<\/div>\n\t<\/div>\n<\/div>\n\t\t\n\t\t\t\t<\/div>\n\t\n\t\t\n\t\t\n\t\t\t\t\t<\/div>\n\t\t\n\t\t\t\t\t\t<\/div>\n\t\t\t\t<\/div>\n\t\t\t\t\t<\/div>\n\t\t\t\t<\/div>\n\t\t<div class=\"wd-negative-gap elementor-element elementor-element-6c0a0cc e-flex e-con-boxed e-con e-parent\" data-id=\"6c0a0cc\" data-element_type=\"container\" data-e-type=\"container\">\n\t\t\t\t\t<div class=\"e-con-inner\">\n\t\t\t\t\t<\/div>\n\t\t\t\t<\/div>\n\t\t\t\t<\/div>\n\t\t","protected":false},"excerpt":{"rendered":"<p>Cursos y Talleres A\u00f1adir al carrito Vista previa Taller Sanando mi ni\u00f1o\/a interior Talleres 18,00&euro; Leer m\u00e1s Vista previa Taller<\/p>\n","protected":false},"author":1,"featured_media":0,"parent":0,"menu_order":0,"comment_status":"closed","ping_status":"closed","template":"","meta":{"footnotes":""},"class_list":["post-16445","page","type-page","status-publish","hentry"],"_links":{"self":[{"href":"https:\/\/almaconsciente.es\/index.php\/wp-json\/wp\/v2\/pages\/16445","targetHints":{"allow":["GET"]}}],"collection":[{"href":"https:\/\/almaconsciente.es\/index.php\/wp-json\/wp\/v2\/pages"}],"about":[{"href":"https:\/\/almaconsciente.es\/index.php\/wp-json\/wp\/v2\/types\/page"}],"author":[{"embeddable":true,"href":"https:\/\/almaconsciente.es\/index.php\/wp-json\/wp\/v2\/users\/1"}],"replies":[{"embeddable":true,"href":"https:\/\/almaconsciente.es\/index.php\/wp-json\/wp\/v2\/comments?post=16445"}],"version-history":[{"count":34,"href":"https:\/\/almaconsciente.es\/index.php\/wp-json\/wp\/v2\/pages\/16445\/revisions"}],"predecessor-version":[{"id":18339,"href":"https:\/\/almaconsciente.es\/index.php\/wp-json\/wp\/v2\/pages\/16445\/revisions\/18339"}],"wp:attachment":[{"href":"https:\/\/almaconsciente.es\/index.php\/wp-json\/wp\/v2\/media?parent=16445"}],"curies":[{"name":"wp","href":"https:\/\/api.w.org\/{rel}","templated":true}]}}