{"id":16234,"date":"2023-10-10T09:14:08","date_gmt":"2023-10-10T09:14:08","guid":{"rendered":"https:\/\/almaconsciente.es\/?page_id=16234"},"modified":"2024-10-30T16:19:30","modified_gmt":"2024-10-30T16:19:30","slug":"nuestra-aportacion-al-mundo","status":"publish","type":"page","link":"https:\/\/almaconsciente.es\/index.php\/nuestra-aportacion-al-mundo\/","title":{"rendered":"Nuestra aportaci\u00f3n al mundo"},"content":{"rendered":"\t\t<div data-elementor-type=\"wp-page\" data-elementor-id=\"16234\" class=\"elementor elementor-16234\" data-elementor-post-type=\"page\">\n\t\t\t\t\t\t<section class=\"elementor-section elementor-top-section elementor-element elementor-element-bb27732 elementor-reverse-tablet elementor-reverse-mobile elementor-section-height-full elementor-section-stretched elementor-section-boxed elementor-section-height-default elementor-section-items-middle\" data-id=\"bb27732\" data-element_type=\"section\" data-e-type=\"section\" data-settings=\"{&quot;stretch_section&quot;:&quot;section-stretched&quot;,&quot;background_background&quot;:&quot;classic&quot;}\">\n\t\t\t\t\t\t\t<div class=\"elementor-background-overlay\"><\/div>\n\t\t\t\t\t\t\t<div class=\"elementor-container elementor-column-gap-default\">\n\t\t\t\t\t<div class=\"elementor-column elementor-col-100 elementor-top-column elementor-element elementor-element-17015ef\" data-id=\"17015ef\" data-element_type=\"column\" data-e-type=\"column\">\n\t\t\t<div class=\"elementor-widget-wrap elementor-element-populated\">\n\t\t\t\t\t\t<div class=\"elementor-element elementor-element-01161b5 elementor-widget elementor-widget-heading\" data-id=\"01161b5\" data-element_type=\"widget\" data-e-type=\"widget\" data-widget_type=\"heading.default\">\n\t\t\t\t<div class=\"elementor-widget-container\">\n\t\t\t\t\t<h2 class=\"elementor-heading-title elementor-size-default\">Comprometidos en crear un mundo mejor<\/h2>\t\t\t\t<\/div>\n\t\t\t\t<\/div>\n\t\t\t\t\t<\/div>\n\t\t<\/div>\n\t\t\t\t\t<\/div>\n\t\t<\/section>\n\t\t\t\t<section class=\"wd-negative-gap elementor-section elementor-top-section elementor-element elementor-element-475f082 elementor-reverse-tablet elementor-reverse-mobile elementor-section-stretched elementor-section-boxed elementor-section-height-default elementor-section-height-default\" data-id=\"475f082\" data-element_type=\"section\" data-e-type=\"section\" data-settings=\"{&quot;stretch_section&quot;:&quot;section-stretched&quot;,&quot;background_background&quot;:&quot;classic&quot;}\">\n\t\t\t\t\t\t\t<div class=\"elementor-background-overlay\"><\/div>\n\t\t\t\t\t\t\t<div class=\"elementor-container elementor-column-gap-default\">\n\t\t\t\t\t<div class=\"elementor-column elementor-col-100 elementor-top-column elementor-element elementor-element-aa47463\" data-id=\"aa47463\" data-element_type=\"column\" data-e-type=\"column\">\n\t\t\t<div class=\"elementor-widget-wrap elementor-element-populated\">\n\t\t\t\t\t\t<div class=\"elementor-element elementor-element-a55ddd5 elementor-widget__width-initial wd-width-100 elementor-invisible elementor-widget elementor-widget-wd_title\" data-id=\"a55ddd5\" data-element_type=\"widget\" data-e-type=\"widget\" data-settings=\"{&quot;_animation&quot;:&quot;fadeInUp&quot;}\" data-widget_type=\"wd_title.default\">\n\t\t\t\t<div class=\"elementor-widget-container\">\n\t\t\t\t\t\t\t<div class=\"title-wrapper wd-set-mb reset-last-child wd-title-color-alt wd-title-style-default wd-title-size-extra-large text-left\">\n\n\t\t\t\n\t\t\t<div class=\"liner-continer\">\n\t\t\t\t<h4 class=\"woodmart-title-container title wd-fontsize-xxxl\">Compromiso solidario<\/h4> \n\t\t\t\t\t\t\t<\/div>\n\n\t\t\t\t\t<\/div>\n\t\t\t\t\t\t<\/div>\n\t\t\t\t<\/div>\n\t\t\t\t<div class=\"elementor-element elementor-element-adc0365 elementor-widget__width-initial wd-width-100 elementor-invisible elementor-widget elementor-widget-wd_title\" data-id=\"adc0365\" data-element_type=\"widget\" data-e-type=\"widget\" data-settings=\"{&quot;_animation&quot;:&quot;fadeInUp&quot;}\" data-widget_type=\"wd_title.default\">\n\t\t\t\t<div class=\"elementor-widget-container\">\n\t\t\t\t\t\t\t<div class=\"title-wrapper wd-set-mb reset-last-child wd-title-color-alt wd-title-style-default wd-title-size-extra-large text-left\">\n\n\t\t\t\n\t\t\t<div class=\"liner-continer\">\n\t\t\t\t<h4 class=\"woodmart-title-container title wd-fontsize-xxxl\"><\/h4> \n\t\t\t\t\t\t\t<\/div>\n\n\t\t\t\t\t<\/div>\n\t\t\t\t\t\t<\/div>\n\t\t\t\t<\/div>\n\t\t\t\t<div class=\"elementor-element elementor-element-c013859 elementor-invisible elementor-widget elementor-widget-wd_text_block\" data-id=\"c013859\" data-element_type=\"widget\" data-e-type=\"widget\" data-settings=\"{&quot;_animation&quot;:&quot;fadeIn&quot;}\" data-widget_type=\"wd_text_block.default\">\n\t\t\t\t<div class=\"elementor-widget-container\">\n\t\t\t\t\t\t\t<div class=\"wd-text-block reset-last-child text-left\">\n\t\t\t\n\t\t\t<p>ALMACONSCIENTE, est\u00e1 muy sensibilizada con la ayuda a causas sociales. Tanto por mis or\u00edgenes como por la necesidad y d\u00e9ficit en infraestructura, educaci\u00f3n, vivienda y salud y por todo lo que la cultura y medicina India nos aporta, una parte de cada\u00a0 retiro, venta de India en t\u00ed y de vuestros donativos Ir\u00e1 destinada a la fundaci\u00f3n Vicente Ferrer.<\/p><p>Vicente Ferrer, un ejemplo a seguir como ser humano, un ejemplo de consciencia de transformaci\u00f3n, un ejemplo de humanidad y humildad. Una huella de amor en el mundo, una vela de luz que nunca dejar\u00e1 de alumbrar.<\/p>\n\t\t\t\t\t<\/div>\n\t\t\t\t\t\t<\/div>\n\t\t\t\t<\/div>\n\t\t\t\t<div class=\"elementor-element elementor-element-c9d69df elementor-widget elementor-widget-image\" data-id=\"c9d69df\" data-element_type=\"widget\" data-e-type=\"widget\" data-widget_type=\"image.default\">\n\t\t\t\t<div class=\"elementor-widget-container\">\n\t\t\t\t\t\t\t\t\t\t\t\t\t\t\t<img loading=\"lazy\" decoding=\"async\" width=\"301\" height=\"358\" src=\"https:\/\/almaconsciente.es\/wp-content\/uploads\/2023\/11\/LOGO-FVF-INICIATIVA-SOLIDARIA-V-1.png\" class=\"attachment-large size-large wp-image-17316\" alt=\"\" srcset=\"https:\/\/almaconsciente.es\/wp-content\/uploads\/2023\/11\/LOGO-FVF-INICIATIVA-SOLIDARIA-V-1.png 301w, https:\/\/almaconsciente.es\/wp-content\/uploads\/2023\/11\/LOGO-FVF-INICIATIVA-SOLIDARIA-V-1-150x178.png 150w, https:\/\/almaconsciente.es\/wp-content\/uploads\/2023\/11\/LOGO-FVF-INICIATIVA-SOLIDARIA-V-1-252x300.png 252w\" sizes=\"auto, (max-width: 301px) 100vw, 301px\" \/>\t\t\t\t\t\t\t\t\t\t\t\t\t\t\t<\/div>\n\t\t\t\t<\/div>\n\t\t\t\t<div class=\"elementor-element elementor-element-19574c9 elementor-widget elementor-widget-spacer\" data-id=\"19574c9\" data-element_type=\"widget\" data-e-type=\"widget\" data-widget_type=\"spacer.default\">\n\t\t\t\t<div class=\"elementor-widget-container\">\n\t\t\t\t\t\t\t<div class=\"elementor-spacer\">\n\t\t\t<div class=\"elementor-spacer-inner\"><\/div>\n\t\t<\/div>\n\t\t\t\t\t\t<\/div>\n\t\t\t\t<\/div>\n\t\t\t\t\t<\/div>\n\t\t<\/div>\n\t\t\t\t\t<\/div>\n\t\t<\/section>\n\t\t<div class=\"wd-negative-gap elementor-element elementor-element-9b3e42e e-flex e-con-boxed e-con e-parent\" data-id=\"9b3e42e\" data-element_type=\"container\" data-e-type=\"container\">\n\t\t\t\t\t<div class=\"e-con-inner\">\n\t\t<div class=\"elementor-element elementor-element-543a013 e-con-full e-flex e-con e-child\" data-id=\"543a013\" data-element_type=\"container\" data-e-type=\"container\">\n\t\t\t\t<div class=\"elementor-element elementor-element-e410ef4 elementor-widget elementor-widget-video\" data-id=\"e410ef4\" data-element_type=\"widget\" data-e-type=\"widget\" data-settings=\"{&quot;youtube_url&quot;:&quot;https:\\\/\\\/www.youtube.com\\\/watch?v=FwVFTqfd6Ys&quot;,&quot;video_type&quot;:&quot;youtube&quot;}\" data-widget_type=\"video.default\">\n\t\t\t\t<div class=\"elementor-widget-container\">\n\t\t\t\t\t\t\t<div class=\"elementor-wrapper elementor-open-inline\">\n\t\t\t<div class=\"elementor-video\"><\/div>\t\t<\/div>\n\t\t\t\t\t\t<\/div>\n\t\t\t\t<\/div>\n\t\t\t\t<\/div>\n\t\t<div class=\"elementor-element elementor-element-1f4cb9a e-con-full e-flex e-con e-child\" data-id=\"1f4cb9a\" data-element_type=\"container\" data-e-type=\"container\">\n\t\t\t\t<div class=\"elementor-element elementor-element-e10eaeb elementor-widget elementor-widget-video\" data-id=\"e10eaeb\" data-element_type=\"widget\" data-e-type=\"widget\" data-settings=\"{&quot;youtube_url&quot;:&quot;https:\\\/\\\/youtu.be\\\/BN3ovrh5-oA?si=vq6q-cYISHGs7dTI&quot;,&quot;video_type&quot;:&quot;youtube&quot;}\" data-widget_type=\"video.default\">\n\t\t\t\t<div class=\"elementor-widget-container\">\n\t\t\t\t\t\t\t<div class=\"elementor-wrapper elementor-open-inline\">\n\t\t\t<div class=\"elementor-video\"><\/div>\t\t<\/div>\n\t\t\t\t\t\t<\/div>\n\t\t\t\t<\/div>\n\t\t\t\t<\/div>\n\t\t\t\t\t<\/div>\n\t\t\t\t<\/div>\n\t\t<div class=\"wd-negative-gap elementor-element elementor-element-849108a wd-section-stretch e-flex e-con-boxed e-con e-child\" data-id=\"849108a\" data-element_type=\"container\" data-e-type=\"container\" data-settings=\"{&quot;background_background&quot;:&quot;classic&quot;}\">\n\t\t\t\t\t<div class=\"e-con-inner\">\n\t\t\t\t<div class=\"elementor-element elementor-element-e7653fb wd-width-100 elementor-invisible elementor-widget elementor-widget-wd_title\" data-id=\"e7653fb\" data-element_type=\"widget\" data-e-type=\"widget\" data-settings=\"{&quot;_animation&quot;:&quot;fadeInUp&quot;}\" data-widget_type=\"wd_title.default\">\n\t\t\t\t<div class=\"elementor-widget-container\">\n\t\t\t\t\t\t\t<div class=\"title-wrapper wd-set-mb reset-last-child wd-title-color-alt wd-title-style-default wd-title-size-large text-center\">\n\n\t\t\t\n\t\t\t<div class=\"liner-continer\">\n\t\t\t\t<h4 class=\"woodmart-title-container title wd-fontsize-xxl\">\u00a1De las cosas peque\u00f1as, a veces salen cosas muy grandes! <\/h4> \n\t\t\t\t\t\t\t<\/div>\n\n\t\t\t\t\t<\/div>\n\t\t\t\t\t\t<\/div>\n\t\t\t\t<\/div>\n\t\t\t\t<div class=\"elementor-element elementor-element-b40f3da elementor-widget__width-inherit elementor-widget elementor-widget-wd_button\" data-id=\"b40f3da\" data-element_type=\"widget\" data-e-type=\"widget\" data-settings=\"{&quot;_animation_mobile&quot;:&quot;fadeInUp&quot;}\" data-widget_type=\"wd_button.default\">\n\t\t\t\t<div class=\"elementor-widget-container\">\n\t\t\t\t\t\t\t<div class=\"wd-button-wrapper text-center\" >\n\t\t\t<a class=\"btn btn-style-default btn-shape-round btn-size-extra-large btn-color-primary btn-icon-pos-right\"  href=\"https:\/\/almaconsciente.es\/index.php\/contact-us\/\">\n\t\t\t\t<span class=\"wd-btn-text\" data-elementor-setting-key=\"text\">\n\t\t\t\t\t\u00a1Agradecemos tu donativo!\t\t\t\t<\/span>\n\n\t\t\t\t\t\t\t<\/a>\n\t\t<\/div>\n\t\t\t\t\t\t<\/div>\n\t\t\t\t<\/div>\n\t\t\t\t\t<\/div>\n\t\t\t\t<\/div>\n\t\t\t\t<\/div>\n\t\t","protected":false},"excerpt":{"rendered":"<p>Comprometidos en crear un mundo mejor Compromiso solidario ALMACONSCIENTE, est\u00e1 muy sensibilizada con la ayuda a causas sociales. Tanto por<\/p>\n","protected":false},"author":1,"featured_media":0,"parent":0,"menu_order":0,"comment_status":"closed","ping_status":"closed","template":"","meta":{"footnotes":""},"class_list":["post-16234","page","type-page","status-publish","hentry"],"_links":{"self":[{"href":"https:\/\/almaconsciente.es\/index.php\/wp-json\/wp\/v2\/pages\/16234","targetHints":{"allow":["GET"]}}],"collection":[{"href":"https:\/\/almaconsciente.es\/index.php\/wp-json\/wp\/v2\/pages"}],"about":[{"href":"https:\/\/almaconsciente.es\/index.php\/wp-json\/wp\/v2\/types\/page"}],"author":[{"embeddable":true,"href":"https:\/\/almaconsciente.es\/index.php\/wp-json\/wp\/v2\/users\/1"}],"replies":[{"embeddable":true,"href":"https:\/\/almaconsciente.es\/index.php\/wp-json\/wp\/v2\/comments?post=16234"}],"version-history":[{"count":75,"href":"https:\/\/almaconsciente.es\/index.php\/wp-json\/wp\/v2\/pages\/16234\/revisions"}],"predecessor-version":[{"id":18348,"href":"https:\/\/almaconsciente.es\/index.php\/wp-json\/wp\/v2\/pages\/16234\/revisions\/18348"}],"wp:attachment":[{"href":"https:\/\/almaconsciente.es\/index.php\/wp-json\/wp\/v2\/media?parent=16234"}],"curies":[{"name":"wp","href":"https:\/\/api.w.org\/{rel}","templated":true}]}}